{"id":26,"date":"2024-04-02T22:26:00","date_gmt":"2024-04-02T20:26:00","guid":{"rendered":"https:\/\/konserwator.eu\/?page_id=26"},"modified":"2024-10-20T20:39:00","modified_gmt":"2024-10-20T18:39:00","slug":"opis-3","status":"publish","type":"page","link":"https:\/\/konserwator.eu\/?page_id=26","title":{"rendered":"KONSERWATOR UDT"},"content":{"rendered":"\n<div class=\"wp-block-group alignfull has-global-padding is-layout-constrained wp-container-core-group-is-layout-490fa1db wp-block-group-is-layout-constrained\" style=\"padding-top:var(--wp--preset--spacing--50);padding-right:var(--wp--preset--spacing--50);padding-bottom:var(--wp--preset--spacing--50);padding-left:var(--wp--preset--spacing--50)\">\n<div class=\"wp-block-group has-global-padding is-layout-constrained wp-container-core-group-is-layout-650790e1 wp-block-group-is-layout-constrained\">\n<h1 class=\"wp-block-heading has-text-align-center has-x-large-font-size\">KONSERWATOR  UTB<\/h1>\n<\/div>\n<\/div>\n\n\n\n<p><\/p>\n\n\n\n<p><\/p>\n\n\n\n<p><\/p>\n\n\n\n<p>Zgodnie z Rozporz\u0105dzeniem Ministra Przedsi\u0119biorczo\u015bci i Technologii w sprawie warunk\u00f3w technicznych dozoru technicznego w zakresie eksploatacji, napraw i modernizacji urz\u0105dze\u0144 transportu bliskiego ustalone s\u0105 okre\u015blone zasady ich eksploatacji.  <\/p>\n\n\n\n<p><\/p>\n\n\n\n<p><\/p>\n\n\n\n<div class=\"wp-block-group alignfull has-global-padding is-layout-constrained wp-container-core-group-is-layout-490fa1db wp-block-group-is-layout-constrained\" style=\"padding-top:var(--wp--preset--spacing--50);padding-right:var(--wp--preset--spacing--50);padding-bottom:var(--wp--preset--spacing--50);padding-left:var(--wp--preset--spacing--50)\">\n<div class=\"wp-block-group has-global-padding is-layout-constrained wp-container-core-group-is-layout-650790e1 wp-block-group-is-layout-constrained\">\n<div style=\"height:1.25rem\" aria-hidden=\"true\" class=\"wp-block-spacer\"><\/div>\n\n\n\n<p class=\"has-text-align-center\"><\/p>\n\n\n\n<div style=\"height:1.25rem\" aria-hidden=\"true\" class=\"wp-block-spacer\"><\/div>\n\n\n\n<div class=\"wp-block-buttons is-content-justification-center is-layout-flex wp-container-core-buttons-is-layout-a89b3969 wp-block-buttons-is-layout-flex\">\n<div class=\"wp-block-button\"><a class=\"wp-block-button__link wp-element-button\">Urz\u0105dzenia Transportu Bliskiego <\/a><\/div>\n<\/div>\n<\/div>\n\n\n\n<figure class=\"wp-block-image aligncenter size-full is-style-rounded is-style-rounded--1\"><img fetchpriority=\"high\" decoding=\"async\" width=\"910\" height=\"1024\" src=\"https:\/\/konserwator.eu\/wp-content\/uploads\/2024\/10\/Zdjecie-maszyny-budowlane.jpg\" alt=\"\" class=\"wp-image-145\" srcset=\"https:\/\/konserwator.eu\/wp-content\/uploads\/2024\/10\/Zdjecie-maszyny-budowlane.jpg 910w, https:\/\/konserwator.eu\/wp-content\/uploads\/2024\/10\/Zdjecie-maszyny-budowlane-267x300.jpg 267w, https:\/\/konserwator.eu\/wp-content\/uploads\/2024\/10\/Zdjecie-maszyny-budowlane-768x864.jpg 768w\" sizes=\"(max-width: 910px) 100vw, 910px\" \/><figcaption class=\"wp-element-caption\">Construction machines and heavy machinery outline collection set. Industrial hydraulic vehicles for land scooping with shovels, lifting with cranes and digging with earth mover vector illustration.<\/figcaption><\/figure>\n\n\n\n<div style=\"height:40px\" aria-hidden=\"true\" class=\"wp-block-spacer\"><\/div>\n<\/div>\n\n\n\n<div class=\"wp-block-group alignfull has-base-2-background-color has-background has-global-padding is-layout-constrained wp-container-core-group-is-layout-669513ed wp-block-group-is-layout-constrained\" style=\"margin-top:0;margin-bottom:0;padding-top:var(--wp--preset--spacing--50);padding-right:var(--wp--preset--spacing--50);padding-bottom:var(--wp--preset--spacing--50);padding-left:var(--wp--preset--spacing--50)\">\n<div class=\"wp-block-group is-vertical is-content-justification-center is-layout-flex wp-container-core-group-is-layout-52b864f0 wp-block-group-is-layout-flex\">\n<h2 class=\"wp-block-heading has-text-align-center is-style-asterisk\">A passion for creating spaces<\/h2>\n\n\n\n<div style=\"height:0px\" aria-hidden=\"true\" class=\"wp-block-spacer wp-container-content-4f2ccadb\"><\/div>\n\n\n\n<p class=\"has-text-align-center\">Our comprehensive suite of professional services caters to a diverse clientele, ranging from homeowners to commercial developers.<\/p>\n<\/div>\n\n\n\n<div style=\"margin-top:0;margin-bottom:0;height:var(--wp--preset--spacing--40)\" aria-hidden=\"true\" class=\"wp-block-spacer\"><\/div>\n\n\n\n<div class=\"wp-block-columns alignwide is-layout-flex wp-container-core-columns-is-layout-d0bbbce0 wp-block-columns-is-layout-flex\">\n<div class=\"wp-block-column is-layout-flow wp-container-core-column-is-layout-e3d1c41b wp-block-column-is-layout-flow\">\n<h3 class=\"wp-block-heading has-text-align-left is-style-asterisk has-body-font-family has-medium-font-size\" style=\"font-style:normal;font-weight:600\">Renovation and restoration<\/h3>\n\n\n\n<p class=\"has-text-align-left\">Experience the fusion of imagination and expertise with \u00c9tudes Architectural Solutions.<\/p>\n<\/div>\n\n\n\n<div class=\"wp-block-column is-layout-flow wp-container-core-column-is-layout-e3d1c41b wp-block-column-is-layout-flow\">\n<h3 class=\"wp-block-heading has-text-align-left is-style-asterisk has-body-font-family has-medium-font-size\" style=\"font-style:normal;font-weight:600\">Continuous Support<\/h3>\n\n\n\n<p class=\"has-text-align-left\">Experience the fusion of imagination and expertise with \u00c9tudes Architectural Solutions.<\/p>\n<\/div>\n\n\n\n<div class=\"wp-block-column is-layout-flow wp-container-core-column-is-layout-e3d1c41b wp-block-column-is-layout-flow\">\n<h3 class=\"wp-block-heading has-text-align-left is-style-asterisk has-body-font-family has-medium-font-size\" style=\"font-style:normal;font-weight:600\">App Access<\/h3>\n\n\n\n<p class=\"has-text-align-left\">Experience the fusion of imagination and expertise with \u00c9tudes Architectural Solutions.<\/p>\n<\/div>\n<\/div>\n\n\n\n<div style=\"height:var(--wp--preset--spacing--20)\" aria-hidden=\"true\" class=\"wp-block-spacer\"><\/div>\n\n\n\n<div class=\"wp-block-columns alignwide is-layout-flex wp-container-core-columns-is-layout-d0bbbce0 wp-block-columns-is-layout-flex\">\n<div class=\"wp-block-column is-layout-flow wp-container-core-column-is-layout-e3d1c41b wp-block-column-is-layout-flow\">\n<h3 class=\"wp-block-heading has-text-align-left is-style-asterisk has-body-font-family has-medium-font-size\" style=\"font-style:normal;font-weight:600\">Consulting<\/h3>\n\n\n\n<p class=\"has-text-align-left\">Experience the fusion of imagination and expertise with \u00c9tudes Architectural Solutions.<\/p>\n<\/div>\n\n\n\n<div class=\"wp-block-column is-layout-flow wp-container-core-column-is-layout-e3d1c41b wp-block-column-is-layout-flow\">\n<h3 class=\"wp-block-heading has-text-align-left is-style-asterisk has-body-font-family has-medium-font-size\" style=\"font-style:normal;font-weight:600\">Project Management<\/h3>\n\n\n\n<p class=\"has-text-align-left\">Experience the fusion of imagination and expertise with \u00c9tudes Architectural Solutions.<\/p>\n<\/div>\n\n\n\n<div class=\"wp-block-column is-layout-flow wp-container-core-column-is-layout-e3d1c41b wp-block-column-is-layout-flow\">\n<h3 class=\"wp-block-heading has-text-align-left is-style-asterisk has-body-font-family has-medium-font-size\" style=\"font-style:normal;font-weight:600\">Architectural Solutions<\/h3>\n\n\n\n<p class=\"has-text-align-left\">Experience the fusion of imagination and expertise with \u00c9tudes Architectural Solutions.<\/p>\n<\/div>\n<\/div>\n<\/div>\n\n\n\n<div class=\"wp-block-group alignfull has-global-padding is-layout-constrained wp-container-core-group-is-layout-d89aad35 wp-block-group-is-layout-constrained\" style=\"margin-top:0;margin-bottom:0;padding-top:var(--wp--preset--spacing--50);padding-right:var(--wp--preset--spacing--50);padding-bottom:var(--wp--preset--spacing--50);padding-left:var(--wp--preset--spacing--50)\">\n<div class=\"wp-block-group alignwide has-global-padding is-layout-constrained wp-container-core-group-is-layout-19e250f3 wp-block-group-is-layout-constrained\">\n<div class=\"wp-block-group is-vertical is-content-justification-center is-layout-flex wp-container-core-group-is-layout-6329a8f3 wp-block-group-is-layout-flex\">\n<h2 class=\"wp-block-heading has-text-align-center is-style-asterisk\">An array of resources<\/h2>\n\n\n\n<p class=\"has-text-align-center\">Our comprehensive suite of professional services caters to a diverse clientele, ranging from homeowners to commercial developers.<\/p>\n<\/div>\n\n\n\n<div style=\"height:var(--wp--preset--spacing--40)\" aria-hidden=\"true\" class=\"wp-block-spacer\"><\/div>\n\n\n\n<div class=\"wp-block-columns alignwide is-layout-flex wp-container-core-columns-is-layout-d1c656ed wp-block-columns-is-layout-flex\">\n<div class=\"wp-block-column is-vertically-aligned-center is-layout-flow wp-block-column-is-layout-flow\" style=\"flex-basis:40%\">\n<h3 class=\"wp-block-heading is-style-asterisk\">\u00c9tudes Architect App<\/h3>\n\n\n\n<ul style=\"line-height:1.75\" class=\"wp-block-list is-style-checkmark-list\">\n<li>Collaborate with fellow architects.<\/li>\n\n\n\n<li>Showcase your projects.<\/li>\n\n\n\n<li>Experience the world of architecture.<\/li>\n<\/ul>\n<\/div>\n\n\n\n<div class=\"wp-block-column is-layout-flow wp-block-column-is-layout-flow\" style=\"flex-basis:50%\">\n<figure class=\"wp-block-image size-large is-style-rounded is-style-rounded--2\"><img decoding=\"async\" src=\"https:\/\/konserwator.eu\/wp-content\/themes\/twentytwentyfour\/assets\/images\/tourist-and-building.webp\" alt=\"Tourist taking photo of a building\"\/><\/figure>\n<\/div>\n<\/div>\n\n\n\n<div style=\"height:var(--wp--preset--spacing--40)\" aria-hidden=\"true\" class=\"wp-block-spacer\"><\/div>\n\n\n\n<div class=\"wp-block-columns alignwide is-layout-flex wp-container-core-columns-is-layout-d1c656ed wp-block-columns-is-layout-flex\">\n<div class=\"wp-block-column is-layout-flow wp-block-column-is-layout-flow\" style=\"flex-basis:50%\">\n<figure class=\"wp-block-image size-large is-style-rounded is-style-rounded--3\"><img decoding=\"async\" src=\"https:\/\/konserwator.eu\/wp-content\/themes\/twentytwentyfour\/assets\/images\/windows.webp\" alt=\"Windows of a building in Nuremberg, Germany\"\/><\/figure>\n<\/div>\n\n\n\n<div class=\"wp-block-column is-vertically-aligned-center is-layout-flow wp-block-column-is-layout-flow\" style=\"flex-basis:40%\">\n<h3 class=\"wp-block-heading is-style-asterisk\">\u00c9tudes Newsletter<\/h3>\n\n\n\n<ul style=\"line-height:1.75\" class=\"wp-block-list is-style-checkmark-list\">\n<li>A world of thought-provoking articles.<\/li>\n\n\n\n<li>Case studies that celebrate architecture.<\/li>\n\n\n\n<li>Exclusive access to design insights.<\/li>\n<\/ul>\n<\/div>\n<\/div>\n<\/div>\n<\/div>\n\n\n\n<div class=\"wp-block-group alignfull has-base-color has-contrast-background-color has-text-color has-background has-global-padding is-layout-constrained wp-container-core-group-is-layout-ef3d885c wp-block-group-is-layout-constrained\" style=\"margin-top:0;margin-bottom:0;padding-top:var(--wp--preset--spacing--60);padding-right:var(--wp--preset--spacing--60);padding-bottom:var(--wp--preset--spacing--60);padding-left:var(--wp--preset--spacing--60)\">\n<div class=\"wp-block-group has-global-padding is-layout-constrained wp-block-group-is-layout-constrained\">\n<p class=\"has-text-align-center has-base-color has-text-color has-heading-font-family has-x-large-font-size\" style=\"line-height:1.2\">\n\t\t\t<em>\u201c\u00c9tudes has saved us thousands of hours of work and has unlocked insights we never thought possible.\u201d<\/em>\n\t\t<\/p>\n\n\n\n<div style=\"height:var(--wp--preset--spacing--10)\" aria-hidden=\"true\" class=\"wp-block-spacer\"><\/div>\n\n\n\n<div class=\"wp-block-group is-vertical is-content-justification-center is-nowrap is-layout-flex wp-container-core-group-is-layout-2dc08cea wp-block-group-is-layout-flex\">\n\n\n<p class=\"has-text-align-center\" style=\"margin-top:var(--wp--preset--spacing--10);margin-bottom:0\">Annie Steiner<\/p>\n\n\n\n<p class=\"has-text-align-center has-contrast-3-color has-text-color has-small-font-size\" style=\"font-style:normal;font-weight:300\">CEO, Greenprint<\/p>\n<\/div>\n<\/div>\n<\/div>\n\n\n\n<div class=\"wp-block-group alignfull has-global-padding is-layout-constrained wp-container-core-group-is-layout-d89aad35 wp-block-group-is-layout-constrained\" style=\"margin-top:0;margin-bottom:0;padding-top:var(--wp--preset--spacing--50);padding-right:var(--wp--preset--spacing--50);padding-bottom:var(--wp--preset--spacing--50);padding-left:var(--wp--preset--spacing--50)\">\n<h2 class=\"wp-block-heading alignwide has-x-large-font-size\" style=\"margin-top:0;margin-bottom:var(--wp--preset--spacing--40);line-height:1\">Watch, Read, Listen<\/h2>\n\n\n\n<div class=\"wp-block-group alignwide has-global-padding is-layout-constrained wp-block-group-is-layout-constrained\">\n<div class=\"wp-block-query alignwide is-layout-flow wp-block-query-is-layout-flow\">\n\n\n<div style=\"height:var(--wp--preset--spacing--30)\" aria-hidden=\"true\" class=\"wp-block-spacer\"><\/div>\n\n\n\n\n<div class=\"wp-block-query-no-results\">\n\n<p>No posts were found.<\/p>\n\n<\/div><\/div>\n<\/div>\n<\/div>\n\n\n\n<div class=\"wp-block-group alignfull has-global-padding is-layout-constrained wp-container-core-group-is-layout-d89aad35 wp-block-group-is-layout-constrained\" style=\"margin-top:0;margin-bottom:0;padding-top:var(--wp--preset--spacing--50);padding-right:var(--wp--preset--spacing--50);padding-bottom:var(--wp--preset--spacing--50);padding-left:var(--wp--preset--spacing--50)\">\n<div class=\"wp-block-group alignwide has-base-2-background-color has-background has-global-padding is-layout-constrained wp-container-core-group-is-layout-39412042 wp-block-group-is-layout-constrained\" style=\"border-radius:16px;padding-top:var(--wp--preset--spacing--40);padding-right:var(--wp--preset--spacing--50);padding-bottom:var(--wp--preset--spacing--40);padding-left:var(--wp--preset--spacing--50)\">\n<div style=\"height:var(--wp--preset--spacing--10)\" aria-hidden=\"true\" class=\"wp-block-spacer\"><\/div>\n\n\n\n<h2 class=\"wp-block-heading has-text-align-center has-x-large-font-size\">Join 900+ subscribers<\/h2>\n\n\n\n<p class=\"has-text-align-center\">Stay in the loop with everything you need to know.<\/p>\n\n\n\n<div class=\"wp-block-buttons is-content-justification-center is-layout-flex wp-container-core-buttons-is-layout-a89b3969 wp-block-buttons-is-layout-flex\">\n<div class=\"wp-block-button\"><a class=\"wp-block-button__link wp-element-button\">Sign up<\/a><\/div>\n<\/div>\n\n\n\n<div style=\"height:var(--wp--preset--spacing--10)\" aria-hidden=\"true\" class=\"wp-block-spacer\"><\/div>\n<\/div>\n<\/div>\n","protected":false},"excerpt":{"rendered":"<p>KONSERWATOR UTB Zgodnie z Rozporz\u0105dzeniem Ministra Przedsi\u0119biorczo\u015bci i Technologii w sprawie warunk\u00f3w technicznych dozoru technicznego w zakresie eksploatacji, napraw i modernizacji urz\u0105dze\u0144 transportu bliskiego ustalone s\u0105 okre\u015blone zasady ich eksploatacji. A passion for creating spaces Our comprehensive suite of professional services caters to a diverse clientele, ranging from homeowners to commercial developers. Renovation and restoration [&hellip;]<\/p>\n","protected":false},"author":2,"featured_media":0,"parent":0,"menu_order":1,"comment_status":"closed","ping_status":"closed","template":"","meta":{"footnotes":""},"class_list":["post-26","page","type-page","status-publish","hentry"],"yoast_head":"<!-- This site is optimized with the Yoast SEO plugin v22.3 - https:\/\/yoast.com\/wordpress\/plugins\/seo\/ -->\n<title>KONSERWATOR UDT - KONSERWATOR<\/title>\n<meta name=\"robots\" content=\"index, follow, max-snippet:-1, max-image-preview:large, max-video-preview:-1\" \/>\n<link rel=\"canonical\" href=\"https:\/\/konserwator.eu\/?page_id=26\" \/>\n<meta property=\"og:locale\" content=\"pl_PL\" \/>\n<meta property=\"og:type\" content=\"article\" \/>\n<meta property=\"og:title\" content=\"KONSERWATOR UDT - KONSERWATOR\" \/>\n<meta property=\"og:description\" content=\"KONSERWATOR UTB Zgodnie z Rozporz\u0105dzeniem Ministra Przedsi\u0119biorczo\u015bci i Technologii w sprawie warunk\u00f3w technicznych dozoru technicznego w zakresie eksploatacji, napraw i modernizacji urz\u0105dze\u0144 transportu bliskiego ustalone s\u0105 okre\u015blone zasady ich eksploatacji. A passion for creating spaces Our comprehensive suite of professional services caters to a diverse clientele, ranging from homeowners to commercial developers. Renovation and restoration [&hellip;]\" \/>\n<meta property=\"og:url\" content=\"https:\/\/konserwator.eu\/?page_id=26\" \/>\n<meta property=\"og:site_name\" content=\"KONSERWATOR\" \/>\n<meta property=\"article:modified_time\" content=\"2024-10-20T18:39:00+00:00\" \/>\n<meta property=\"og:image\" content=\"https:\/\/konserwator.eu\/wp-content\/uploads\/2024\/10\/Zdjecie-maszyny-budowlane.jpg\" \/>\n<meta name=\"twitter:card\" content=\"summary_large_image\" \/>\n<meta name=\"twitter:label1\" content=\"Szacowany czas czytania\" \/>\n\t<meta name=\"twitter:data1\" content=\"3 minuty\" \/>\n<script type=\"application\/ld+json\" class=\"yoast-schema-graph\">{\"@context\":\"https:\/\/schema.org\",\"@graph\":[{\"@type\":\"WebPage\",\"@id\":\"https:\/\/konserwator.eu\/?page_id=26\",\"url\":\"https:\/\/konserwator.eu\/?page_id=26\",\"name\":\"KONSERWATOR UDT - KONSERWATOR\",\"isPartOf\":{\"@id\":\"https:\/\/konserwator.eu\/#website\"},\"primaryImageOfPage\":{\"@id\":\"https:\/\/konserwator.eu\/?page_id=26#primaryimage\"},\"image\":{\"@id\":\"https:\/\/konserwator.eu\/?page_id=26#primaryimage\"},\"thumbnailUrl\":\"https:\/\/konserwator.eu\/wp-content\/uploads\/2024\/10\/Zdjecie-maszyny-budowlane.jpg\",\"datePublished\":\"2024-04-02T20:26:00+00:00\",\"dateModified\":\"2024-10-20T18:39:00+00:00\",\"breadcrumb\":{\"@id\":\"https:\/\/konserwator.eu\/?page_id=26#breadcrumb\"},\"inLanguage\":\"pl-PL\",\"potentialAction\":[{\"@type\":\"ReadAction\",\"target\":[\"https:\/\/konserwator.eu\/?page_id=26\"]}]},{\"@type\":\"ImageObject\",\"inLanguage\":\"pl-PL\",\"@id\":\"https:\/\/konserwator.eu\/?page_id=26#primaryimage\",\"url\":\"https:\/\/konserwator.eu\/wp-content\/uploads\/2024\/10\/Zdjecie-maszyny-budowlane.jpg\",\"contentUrl\":\"https:\/\/konserwator.eu\/wp-content\/uploads\/2024\/10\/Zdjecie-maszyny-budowlane.jpg\",\"width\":910,\"height\":1024,\"caption\":\"Construction machines and heavy machinery outline collection set. Industrial hydraulic vehicles for land scooping with shovels, lifting with cranes and digging with earth mover vector illustration.\"},{\"@type\":\"BreadcrumbList\",\"@id\":\"https:\/\/konserwator.eu\/?page_id=26#breadcrumb\",\"itemListElement\":[{\"@type\":\"ListItem\",\"position\":1,\"name\":\"Home\",\"item\":\"https:\/\/konserwator.eu\/\"},{\"@type\":\"ListItem\",\"position\":2,\"name\":\"KONSERWATOR UDT\"}]},{\"@type\":\"WebSite\",\"@id\":\"https:\/\/konserwator.eu\/#website\",\"url\":\"https:\/\/konserwator.eu\/\",\"name\":\"KONSERWATOR\",\"description\":\"Konserwator urz\u0105dze\u0144\",\"publisher\":{\"@id\":\"https:\/\/konserwator.eu\/#organization\"},\"potentialAction\":[{\"@type\":\"SearchAction\",\"target\":{\"@type\":\"EntryPoint\",\"urlTemplate\":\"https:\/\/konserwator.eu\/?s={search_term_string}\"},\"query-input\":\"required name=search_term_string\"}],\"inLanguage\":\"pl-PL\"},{\"@type\":\"Organization\",\"@id\":\"https:\/\/konserwator.eu\/#organization\",\"name\":\"KONSERWATOR\",\"url\":\"https:\/\/konserwator.eu\/\",\"logo\":{\"@type\":\"ImageObject\",\"inLanguage\":\"pl-PL\",\"@id\":\"https:\/\/konserwator.eu\/#\/schema\/logo\/image\/\",\"url\":\"https:\/\/konserwator.eu\/wp-content\/uploads\/2024\/04\/b_655_udt_podpis_CMYKv2-2.jpg\",\"contentUrl\":\"https:\/\/konserwator.eu\/wp-content\/uploads\/2024\/04\/b_655_udt_podpis_CMYKv2-2.jpg\",\"width\":1074,\"height\":785,\"caption\":\"KONSERWATOR\"},\"image\":{\"@id\":\"https:\/\/konserwator.eu\/#\/schema\/logo\/image\/\"}}]}<\/script>\n<!-- \/ Yoast SEO plugin. -->","yoast_head_json":{"title":"KONSERWATOR UDT - KONSERWATOR","robots":{"index":"index","follow":"follow","max-snippet":"max-snippet:-1","max-image-preview":"max-image-preview:large","max-video-preview":"max-video-preview:-1"},"canonical":"https:\/\/konserwator.eu\/?page_id=26","og_locale":"pl_PL","og_type":"article","og_title":"KONSERWATOR UDT - KONSERWATOR","og_description":"KONSERWATOR UTB Zgodnie z Rozporz\u0105dzeniem Ministra Przedsi\u0119biorczo\u015bci i Technologii w sprawie warunk\u00f3w technicznych dozoru technicznego w zakresie eksploatacji, napraw i modernizacji urz\u0105dze\u0144 transportu bliskiego ustalone s\u0105 okre\u015blone zasady ich eksploatacji. A passion for creating spaces Our comprehensive suite of professional services caters to a diverse clientele, ranging from homeowners to commercial developers. Renovation and restoration [&hellip;]","og_url":"https:\/\/konserwator.eu\/?page_id=26","og_site_name":"KONSERWATOR","article_modified_time":"2024-10-20T18:39:00+00:00","og_image":[{"url":"https:\/\/konserwator.eu\/wp-content\/uploads\/2024\/10\/Zdjecie-maszyny-budowlane.jpg"}],"twitter_card":"summary_large_image","twitter_misc":{"Szacowany czas czytania":"3 minuty"},"schema":{"@context":"https:\/\/schema.org","@graph":[{"@type":"WebPage","@id":"https:\/\/konserwator.eu\/?page_id=26","url":"https:\/\/konserwator.eu\/?page_id=26","name":"KONSERWATOR UDT - KONSERWATOR","isPartOf":{"@id":"https:\/\/konserwator.eu\/#website"},"primaryImageOfPage":{"@id":"https:\/\/konserwator.eu\/?page_id=26#primaryimage"},"image":{"@id":"https:\/\/konserwator.eu\/?page_id=26#primaryimage"},"thumbnailUrl":"https:\/\/konserwator.eu\/wp-content\/uploads\/2024\/10\/Zdjecie-maszyny-budowlane.jpg","datePublished":"2024-04-02T20:26:00+00:00","dateModified":"2024-10-20T18:39:00+00:00","breadcrumb":{"@id":"https:\/\/konserwator.eu\/?page_id=26#breadcrumb"},"inLanguage":"pl-PL","potentialAction":[{"@type":"ReadAction","target":["https:\/\/konserwator.eu\/?page_id=26"]}]},{"@type":"ImageObject","inLanguage":"pl-PL","@id":"https:\/\/konserwator.eu\/?page_id=26#primaryimage","url":"https:\/\/konserwator.eu\/wp-content\/uploads\/2024\/10\/Zdjecie-maszyny-budowlane.jpg","contentUrl":"https:\/\/konserwator.eu\/wp-content\/uploads\/2024\/10\/Zdjecie-maszyny-budowlane.jpg","width":910,"height":1024,"caption":"Construction machines and heavy machinery outline collection set. Industrial hydraulic vehicles for land scooping with shovels, lifting with cranes and digging with earth mover vector illustration."},{"@type":"BreadcrumbList","@id":"https:\/\/konserwator.eu\/?page_id=26#breadcrumb","itemListElement":[{"@type":"ListItem","position":1,"name":"Home","item":"https:\/\/konserwator.eu\/"},{"@type":"ListItem","position":2,"name":"KONSERWATOR UDT"}]},{"@type":"WebSite","@id":"https:\/\/konserwator.eu\/#website","url":"https:\/\/konserwator.eu\/","name":"KONSERWATOR","description":"Konserwator urz\u0105dze\u0144","publisher":{"@id":"https:\/\/konserwator.eu\/#organization"},"potentialAction":[{"@type":"SearchAction","target":{"@type":"EntryPoint","urlTemplate":"https:\/\/konserwator.eu\/?s={search_term_string}"},"query-input":"required name=search_term_string"}],"inLanguage":"pl-PL"},{"@type":"Organization","@id":"https:\/\/konserwator.eu\/#organization","name":"KONSERWATOR","url":"https:\/\/konserwator.eu\/","logo":{"@type":"ImageObject","inLanguage":"pl-PL","@id":"https:\/\/konserwator.eu\/#\/schema\/logo\/image\/","url":"https:\/\/konserwator.eu\/wp-content\/uploads\/2024\/04\/b_655_udt_podpis_CMYKv2-2.jpg","contentUrl":"https:\/\/konserwator.eu\/wp-content\/uploads\/2024\/04\/b_655_udt_podpis_CMYKv2-2.jpg","width":1074,"height":785,"caption":"KONSERWATOR"},"image":{"@id":"https:\/\/konserwator.eu\/#\/schema\/logo\/image\/"}}]}},"_links":{"self":[{"href":"https:\/\/konserwator.eu\/index.php?rest_route=\/wp\/v2\/pages\/26","targetHints":{"allow":["GET"]}}],"collection":[{"href":"https:\/\/konserwator.eu\/index.php?rest_route=\/wp\/v2\/pages"}],"about":[{"href":"https:\/\/konserwator.eu\/index.php?rest_route=\/wp\/v2\/types\/page"}],"author":[{"embeddable":true,"href":"https:\/\/konserwator.eu\/index.php?rest_route=\/wp\/v2\/users\/2"}],"replies":[{"embeddable":true,"href":"https:\/\/konserwator.eu\/index.php?rest_route=%2Fwp%2Fv2%2Fcomments&post=26"}],"version-history":[{"count":9,"href":"https:\/\/konserwator.eu\/index.php?rest_route=\/wp\/v2\/pages\/26\/revisions"}],"predecessor-version":[{"id":150,"href":"https:\/\/konserwator.eu\/index.php?rest_route=\/wp\/v2\/pages\/26\/revisions\/150"}],"wp:attachment":[{"href":"https:\/\/konserwator.eu\/index.php?rest_route=%2Fwp%2Fv2%2Fmedia&parent=26"}],"curies":[{"name":"wp","href":"https:\/\/api.w.org\/{rel}","templated":true}]}}